{"id":68,"date":"2020-02-22T16:59:07","date_gmt":"2020-02-22T15:59:07","guid":{"rendered":"https:\/\/www.milunmitrovic.com\/?page_id=68"},"modified":"2020-08-20T14:48:08","modified_gmt":"2020-08-20T12:48:08","slug":"biography","status":"publish","type":"page","link":"https:\/\/www.milunmitrovic.com\/sr\/biography\/","title":{"rendered":"Biografija"},"content":{"rendered":"<div class=\"wp-block-columns is-layout-flex wp-container-core-columns-is-layout-28f84493 wp-block-columns-is-layout-flex\">\n<div class=\"wp-block-column is-layout-flow wp-block-column-is-layout-flow\">\n<figure class=\"wp-block-image size-large animated fadeInLeft duration3\"><img loading=\"lazy\" decoding=\"async\" width=\"754\" height=\"1024\" src=\"https:\/\/www.milunmitrovic.com\/wp-content\/uploads\/2020\/03\/20200229_144200-754x1024.jpg\" alt=\"\" class=\"wp-image-183\" srcset=\"https:\/\/www.milunmitrovic.com\/wp-content\/uploads\/2020\/03\/20200229_144200-754x1024.jpg 754w, https:\/\/www.milunmitrovic.com\/wp-content\/uploads\/2020\/03\/20200229_144200-221x300.jpg 221w, https:\/\/www.milunmitrovic.com\/wp-content\/uploads\/2020\/03\/20200229_144200-768x1043.jpg 768w, https:\/\/www.milunmitrovic.com\/wp-content\/uploads\/2020\/03\/20200229_144200-1131x1536.jpg 1131w, https:\/\/www.milunmitrovic.com\/wp-content\/uploads\/2020\/03\/20200229_144200-1509x2048.jpg 1509w, https:\/\/www.milunmitrovic.com\/wp-content\/uploads\/2020\/03\/20200229_144200-scaled.jpg 1886w\" sizes=\"auto, (max-width: 754px) 100vw, 754px\" \/><\/figure>\n<\/div>\n\n\n\n<div class=\"wp-block-column animated fadeInRight duration3 is-layout-flow wp-block-column-is-layout-flow\">\n<p>\u041cilun \u041citr\u043evi\u0107 r\u043e\u0111\u0435n \u0458\u0435 15. d\u0435c\u0435mbr\u0430 1922. u Ru\u0458\u0435vici, \u043ep\u0161tin\u0430 S\u043ek\u043eb\u0430nj\u0430, SR Srbi\u0458\u0430. \u010c\u0435tv\u043er\u043eg\u043edi\u0161nju gimn\u0430zi\u0458u \u0458\u0435 z\u0430vr\u0161i\u043e 1937. \u0430 U\u010dit\u0435l\u0458sku \u0161k\u043elu dipl\u043emir\u0430\u043e 1943. u \u0410l\u0435ksincu. \u0410k\u0430d\u0435mi\u0458u lik\u043evnih um\u0435tn\u043esti dipl\u043emir\u0430\u043e 1948. u B\u0435\u043egr\u0430du. U t\u043eku studi\u0458\u0430 pr\u043ef\u0435s\u043eri su mu bili V\u0430s\u0430 P\u043em\u043eri\u0161\u0430c, <a href=\"https:\/\/en.wikipedia.org\/wiki\/Ivan_Tabakovi%C4%87\" class=\"rank-math-link\">Ivan Tabakovi\u0107<\/a> i <a href=\"https:\/\/en.wikipedia.org\/wiki\/Marko_%C4%8Celebonovi%C4%87\" class=\"rank-math-link\">Marko \u010celebonovi\u0107<\/a>. \u041ed 1948. d\u043e 1951. bi\u043e \u0458\u0435 s\u0430r\u0430dnik u \u041c\u0430\u0458st\u043ersk\u043e\u0458 r\u0430di\u043enici pr\u043ef\u0435s\u043er\u0430 <a href=\"https:\/\/en.wikipedia.org\/wiki\/Milo_Milunovi%C4%87\" class=\"rank-math-link\">Mila Milunovi\u0107a<\/a>, u kojoj su izu\u010davane zidne tehnike. Diplomu magistra nauka u oblasti zidnog slikarstva dobio je na Fakultetu likovnih umetnosti u Beogradu 1972. godine.<\/p>\n\n\n\n<p>U organizaciji Majstorske radionice studijski putovao po Italiji 1950. Kao stipendista fonda Mo\u0161a Pijade studijski boravio dva meseca u Parizu i Londonu 1958\u201359. godine.<\/p>\n\n\n\n<p>\u010clan Udru\u017eenja likovnih umetnika Srbije postao je 1948. i iste godine izlagao na VII izlo\u017ebi ULUS-a. Od 1951. \u010dlan je grupe \u201eSamostalni\u201d a od 1957. do 1958. \u201eGrupe 57\u201c. od 1963. do 1982. je profesor Vi\u0161e pedago\u0161ke  \u0161kole (Grupa za likovno vaspitanje i obrazovanje). Od 1976\u20141982. je vanredni profesor Fakulteta dramskih umetnosti u Beogradu (Grupe za film i televiziju). Bio je \u010dlan predsedni\u0161tva likovnih pedagoga Jugoslavije i \u010dlan me\u0111unarodnog udru\u017eenja (INSE). Izdao je knjigu iz teorije umetnosti, Forma i oblikovanje, 1977. (Izdanja su obnovljena 1979, 1987. i 1990.)<\/p>\n\n\n\n<p>Izlagao je na izlo\u017ebama ULUS-a, grupe \u201eSamostalni\u201d (1951\u20131954), Grupe 57 (1957. i 1958), na izlo\u017ebama I, II, III jugoslovenskog trijenala i na izlo\u017ebama Oktobarskog salona Beograda. U\u010destvovao je i izlagao na izlo\u017ebama likovnih kolonija Srbije (Si\u0107evo, \u010ca\u010dak) i Vojvodine (E\u010dka, Senta, Ba\u010dka Topola i Be\u010dej). Izlagao je na Memorijalu Nade\u017ede Petrovi\u0107 1962, na izlo\u017ebama Ateljea 61 (tapiserije), na ULUS-ovim izlo\u017ebama u okviru me\u0111urepubli\u010dke razmene, na Likovnim susretima u Subotici, ULUS-ovim izlo\u017ebama crte\u017ea i male plastike i NOB u delima likovnih umetnika Jugoslavije, na izlo\u017ebama likovnih pedagoga Jugoslavije i Srbije, na izlo\u017ebama Jugoslovenskog portreta u Tuzli (1983. i 1986) i na II bijenalu akvarela Jugoslavije u Karlovcu 1981. Izlagao u Modernoj galeriji Jugoslavenske akademije znanosti i umjetnosti u Zagrebu 1963, Modernoj galeriji u Ljubljani 1965. i 1967, Modernoj galeriji u Zadru \u2013 Plavi salon 1968. i na izlo\u017ebi VI decenija u Muzeju savremenih umetnosti u Beogradu.<\/p>\n\n\n\n<p>Priredio je 36 samostalnih izlo\u017ebi u zemlji od kojih 6 u Beogradu (1955, 1956, 1963, 1968, 1974. i retrospektivnu izlo\u017ebu 1986).<\/p>\n\n\n\n<p>Jugoslovensku umetnost predstavljao je na izlo\u017ebi u Be\u010du 1955\u20146 (Grupa jugoslovenskih umetnika), na izlo\u017ebama u Oslu i Trondhajmu 1957 (Desetorica jugoslovenskih umetnika) i iste godine, u organizaciji komisije za kulturne veze sa inostranstvom, na izlo\u017ebama u Bukure\u0161tu, Edinburgu, Montrealu, Njujorku i \u010cikagu. U\u010destvovao je na izlo\u017ebama savremene jugoslovenske umetnosti u Damasku, Bejrutu i Tripoliju 1967. Grupno je izlagao u Njujorku 1976 (Neke tendencije beogradskih slikara) i u gradovima SR Nema\u010dke (\u0160tutgart, Frankfurt na Majni, Minhen, Keln) 1976\t(Beogradski pejza\u017eisti).<\/p>\n\n\n\n<p>Odlukom Predsedni\u0161tva SFRJ, odlikovan je ordenom rada sa zlatnim vencem 1980. godine. Od 1945. \u017eiveo je i radio u Beogradu. Preminuo je 2010. godine.<\/p>\n<\/div>\n<\/div>","protected":false},"excerpt":{"rendered":"<p>Milun Mitrovi\u0107 was born December 15, 1922, in Rujevica, Sokobanja municipality, Serbia. He completed his four-year secondary school in 1937, and Teacher-Training School in Belgrade in 1943. He graduated from the Academy of Fine Arts in Belgrade in 1947, where he was taught by Vasa Pomori\u0161ac, Ivan Tabakovi\u0107 and Marko \u010celebonovi\u0107. From 1948\u20141951 he was [&hellip;]<\/p>\n","protected":false},"author":1,"featured_media":0,"parent":0,"menu_order":0,"comment_status":"closed","ping_status":"closed","template":"","meta":{"site-sidebar-layout":"default","site-content-layout":"default","ast-site-content-layout":"default","site-content-style":"default","site-sidebar-style":"default","ast-global-header-display":"","ast-banner-title-visibility":"","ast-main-header-display":"","ast-hfb-above-header-display":"","ast-hfb-below-header-display":"","ast-hfb-mobile-header-display":"","site-post-title":"","ast-breadcrumbs-content":"","ast-featured-img":"","footer-sml-layout":"","ast-disable-related-posts":"","theme-transparent-header-meta":"default","adv-header-id-meta":"","stick-header-meta":"","header-above-stick-meta":"","header-main-stick-meta":"","header-below-stick-meta":"","astra-migrate-meta-layouts":"default","ast-page-background-enabled":"default","ast-page-background-meta":{"desktop":{"background-color":"","background-image":"","background-repeat":"repeat","background-position":"center center","background-size":"auto","background-attachment":"scroll","background-type":"","background-media":"","overlay-type":"","overlay-color":"","overlay-opacity":"","overlay-gradient":""},"tablet":{"background-color":"","background-image":"","background-repeat":"repeat","background-position":"center center","background-size":"auto","background-attachment":"scroll","background-type":"","background-media":"","overlay-type":"","overlay-color":"","overlay-opacity":"","overlay-gradient":""},"mobile":{"background-color":"","background-image":"","background-repeat":"repeat","background-position":"center center","background-size":"auto","background-attachment":"scroll","background-type":"","background-media":"","overlay-type":"","overlay-color":"","overlay-opacity":"","overlay-gradient":""}},"ast-content-background-meta":{"desktop":{"background-color":"var(--ast-global-color-5)","background-image":"","background-repeat":"repeat","background-position":"center center","background-size":"auto","background-attachment":"scroll","background-type":"","background-media":"","overlay-type":"","overlay-color":"","overlay-opacity":"","overlay-gradient":""},"tablet":{"background-color":"var(--ast-global-color-5)","background-image":"","background-repeat":"repeat","background-position":"center center","background-size":"auto","background-attachment":"scroll","background-type":"","background-media":"","overlay-type":"","overlay-color":"","overlay-opacity":"","overlay-gradient":""},"mobile":{"background-color":"var(--ast-global-color-5)","background-image":"","background-repeat":"repeat","background-position":"center center","background-size":"auto","background-attachment":"scroll","background-type":"","background-media":"","overlay-type":"","overlay-color":"","overlay-opacity":"","overlay-gradient":""}},"footnotes":""},"class_list":["post-68","page","type-page","status-publish","hentry"],"yoast_head":"<!-- This site is optimized with the Yoast SEO plugin v27.5 - https:\/\/yoast.com\/product\/yoast-seo-wordpress\/ -->\n<title>Biography &#8211; Milun Mitrovi\u0107<\/title>\n<meta name=\"robots\" content=\"index, follow, max-snippet:-1, max-image-preview:large, max-video-preview:-1\" \/>\n<link rel=\"canonical\" href=\"https:\/\/www.milunmitrovic.com\/sr\/biography\/\" \/>\n<meta property=\"og:locale\" content=\"sr_RS\" \/>\n<meta property=\"og:type\" content=\"article\" \/>\n<meta property=\"og:title\" content=\"Biography &#8211; Milun Mitrovi\u0107\" \/>\n<meta property=\"og:description\" content=\"Milun Mitrovi\u0107 was born December 15, 1922, in Rujevica, Sokobanja municipality, Serbia. He completed his four-year secondary school in 1937, and Teacher-Training School in Belgrade in 1943. He graduated from the Academy of Fine Arts in Belgrade in 1947, where he was taught by Vasa Pomori\u0161ac, Ivan Tabakovi\u0107 and Marko \u010celebonovi\u0107. From 1948\u20141951 he was [&hellip;]\" \/>\n<meta property=\"og:url\" content=\"https:\/\/www.milunmitrovic.com\/sr\/biography\/\" \/>\n<meta property=\"og:site_name\" content=\"Milun Mitrovi\u0107\" \/>\n<meta property=\"article:modified_time\" content=\"2020-08-20T12:48:08+00:00\" \/>\n<meta property=\"og:image\" content=\"https:\/\/www.milunmitrovic.com\/wp-content\/uploads\/2020\/03\/20200229_144200-754x1024.jpg\" \/>\n<meta name=\"twitter:card\" content=\"summary_large_image\" \/>\n<meta name=\"twitter:label1\" content=\"Procenjeno vreme \u010ditanja\" \/>\n\t<meta name=\"twitter:data1\" content=\"3 minuta\" \/>\n<script type=\"application\/ld+json\" class=\"yoast-schema-graph\">{\"@context\":\"https:\\\/\\\/schema.org\",\"@graph\":[{\"@type\":\"WebPage\",\"@id\":\"https:\\\/\\\/www.milunmitrovic.com\\\/biography\\\/\",\"url\":\"https:\\\/\\\/www.milunmitrovic.com\\\/biography\\\/\",\"name\":\"Biography &#8211; Milun Mitrovi\u0107\",\"isPartOf\":{\"@id\":\"https:\\\/\\\/www.milunmitrovic.com\\\/#website\"},\"primaryImageOfPage\":{\"@id\":\"https:\\\/\\\/www.milunmitrovic.com\\\/biography\\\/#primaryimage\"},\"image\":{\"@id\":\"https:\\\/\\\/www.milunmitrovic.com\\\/biography\\\/#primaryimage\"},\"thumbnailUrl\":\"https:\\\/\\\/www.milunmitrovic.com\\\/wp-content\\\/uploads\\\/2020\\\/03\\\/20200229_144200-754x1024.jpg\",\"datePublished\":\"2020-02-22T15:59:07+00:00\",\"dateModified\":\"2020-08-20T12:48:08+00:00\",\"breadcrumb\":{\"@id\":\"https:\\\/\\\/www.milunmitrovic.com\\\/biography\\\/#breadcrumb\"},\"inLanguage\":\"sr-RS\",\"potentialAction\":[{\"@type\":\"ReadAction\",\"target\":[\"https:\\\/\\\/www.milunmitrovic.com\\\/biography\\\/\"]}]},{\"@type\":\"ImageObject\",\"inLanguage\":\"sr-RS\",\"@id\":\"https:\\\/\\\/www.milunmitrovic.com\\\/biography\\\/#primaryimage\",\"url\":\"https:\\\/\\\/www.milunmitrovic.com\\\/wp-content\\\/uploads\\\/2020\\\/03\\\/20200229_144200-754x1024.jpg\",\"contentUrl\":\"https:\\\/\\\/www.milunmitrovic.com\\\/wp-content\\\/uploads\\\/2020\\\/03\\\/20200229_144200-754x1024.jpg\"},{\"@type\":\"BreadcrumbList\",\"@id\":\"https:\\\/\\\/www.milunmitrovic.com\\\/biography\\\/#breadcrumb\",\"itemListElement\":[{\"@type\":\"ListItem\",\"position\":1,\"name\":\"Home\",\"item\":\"https:\\\/\\\/www.milunmitrovic.com\\\/\"},{\"@type\":\"ListItem\",\"position\":2,\"name\":\"Biography\"}]},{\"@type\":\"WebSite\",\"@id\":\"https:\\\/\\\/www.milunmitrovic.com\\\/#website\",\"url\":\"https:\\\/\\\/www.milunmitrovic.com\\\/\",\"name\":\"Milun Mitrovi\u0107\",\"description\":\"Official site\",\"potentialAction\":[{\"@type\":\"SearchAction\",\"target\":{\"@type\":\"EntryPoint\",\"urlTemplate\":\"https:\\\/\\\/www.milunmitrovic.com\\\/?s={search_term_string}\"},\"query-input\":{\"@type\":\"PropertyValueSpecification\",\"valueRequired\":true,\"valueName\":\"search_term_string\"}}],\"inLanguage\":\"sr-RS\"}]}<\/script>\n<!-- \/ Yoast SEO plugin. -->","yoast_head_json":{"title":"Biography &#8211; Milun Mitrovi\u0107","robots":{"index":"index","follow":"follow","max-snippet":"max-snippet:-1","max-image-preview":"max-image-preview:large","max-video-preview":"max-video-preview:-1"},"canonical":"https:\/\/www.milunmitrovic.com\/sr\/biography\/","og_locale":"sr_RS","og_type":"article","og_title":"Biography &#8211; Milun Mitrovi\u0107","og_description":"Milun Mitrovi\u0107 was born December 15, 1922, in Rujevica, Sokobanja municipality, Serbia. He completed his four-year secondary school in 1937, and Teacher-Training School in Belgrade in 1943. He graduated from the Academy of Fine Arts in Belgrade in 1947, where he was taught by Vasa Pomori\u0161ac, Ivan Tabakovi\u0107 and Marko \u010celebonovi\u0107. From 1948\u20141951 he was [&hellip;]","og_url":"https:\/\/www.milunmitrovic.com\/sr\/biography\/","og_site_name":"Milun Mitrovi\u0107","article_modified_time":"2020-08-20T12:48:08+00:00","og_image":[{"url":"https:\/\/www.milunmitrovic.com\/wp-content\/uploads\/2020\/03\/20200229_144200-754x1024.jpg","type":"","width":"","height":""}],"twitter_card":"summary_large_image","twitter_misc":{"Procenjeno vreme \u010ditanja":"3 minuta"},"schema":{"@context":"https:\/\/schema.org","@graph":[{"@type":"WebPage","@id":"https:\/\/www.milunmitrovic.com\/biography\/","url":"https:\/\/www.milunmitrovic.com\/biography\/","name":"Biography &#8211; Milun Mitrovi\u0107","isPartOf":{"@id":"https:\/\/www.milunmitrovic.com\/#website"},"primaryImageOfPage":{"@id":"https:\/\/www.milunmitrovic.com\/biography\/#primaryimage"},"image":{"@id":"https:\/\/www.milunmitrovic.com\/biography\/#primaryimage"},"thumbnailUrl":"https:\/\/www.milunmitrovic.com\/wp-content\/uploads\/2020\/03\/20200229_144200-754x1024.jpg","datePublished":"2020-02-22T15:59:07+00:00","dateModified":"2020-08-20T12:48:08+00:00","breadcrumb":{"@id":"https:\/\/www.milunmitrovic.com\/biography\/#breadcrumb"},"inLanguage":"sr-RS","potentialAction":[{"@type":"ReadAction","target":["https:\/\/www.milunmitrovic.com\/biography\/"]}]},{"@type":"ImageObject","inLanguage":"sr-RS","@id":"https:\/\/www.milunmitrovic.com\/biography\/#primaryimage","url":"https:\/\/www.milunmitrovic.com\/wp-content\/uploads\/2020\/03\/20200229_144200-754x1024.jpg","contentUrl":"https:\/\/www.milunmitrovic.com\/wp-content\/uploads\/2020\/03\/20200229_144200-754x1024.jpg"},{"@type":"BreadcrumbList","@id":"https:\/\/www.milunmitrovic.com\/biography\/#breadcrumb","itemListElement":[{"@type":"ListItem","position":1,"name":"Home","item":"https:\/\/www.milunmitrovic.com\/"},{"@type":"ListItem","position":2,"name":"Biography"}]},{"@type":"WebSite","@id":"https:\/\/www.milunmitrovic.com\/#website","url":"https:\/\/www.milunmitrovic.com\/","name":"Milun Mitrovi\u0107","description":"Official site","potentialAction":[{"@type":"SearchAction","target":{"@type":"EntryPoint","urlTemplate":"https:\/\/www.milunmitrovic.com\/?s={search_term_string}"},"query-input":{"@type":"PropertyValueSpecification","valueRequired":true,"valueName":"search_term_string"}}],"inLanguage":"sr-RS"}]}},"_links":{"self":[{"href":"https:\/\/www.milunmitrovic.com\/sr\/wp-json\/wp\/v2\/pages\/68","targetHints":{"allow":["GET"]}}],"collection":[{"href":"https:\/\/www.milunmitrovic.com\/sr\/wp-json\/wp\/v2\/pages"}],"about":[{"href":"https:\/\/www.milunmitrovic.com\/sr\/wp-json\/wp\/v2\/types\/page"}],"author":[{"embeddable":true,"href":"https:\/\/www.milunmitrovic.com\/sr\/wp-json\/wp\/v2\/users\/1"}],"replies":[{"embeddable":true,"href":"https:\/\/www.milunmitrovic.com\/sr\/wp-json\/wp\/v2\/comments?post=68"}],"version-history":[{"count":1,"href":"https:\/\/www.milunmitrovic.com\/sr\/wp-json\/wp\/v2\/pages\/68\/revisions"}],"predecessor-version":[{"id":482,"href":"https:\/\/www.milunmitrovic.com\/sr\/wp-json\/wp\/v2\/pages\/68\/revisions\/482"}],"wp:attachment":[{"href":"https:\/\/www.milunmitrovic.com\/sr\/wp-json\/wp\/v2\/media?parent=68"}],"curies":[{"name":"wp","href":"https:\/\/api.w.org\/{rel}","templated":true}]}}